{"id":18812200,"date":"2024-06-10T18:07:39","date_gmt":"2024-06-10T16:07:39","guid":{"rendered":"https:\/\/alamocostadelsol.com\/ueber-alamo\/per-lindqvist"},"modified":"2026-01-12T16:43:26","modified_gmt":"2026-01-12T15:43:26","slug":"per-lindqvist","status":"publish","type":"page","link":"https:\/\/alamocostadelsol.com\/de\/ueber-alamo\/per-lindqvist","title":{"rendered":"Per Lindqvist"},"content":{"rendered":"<p>[et_pb_section fb_built=&#8220;1&#8243; _builder_version=&#8220;4.25.1&#8243; _module_preset=&#8220;default&#8220; global_colors_info=&#8220;{}&#8220;][et_pb_row column_structure=&#8220;1_3,2_3&#8243; _builder_version=&#8220;4.25.1&#8243; _module_preset=&#8220;default&#8220; width=&#8220;90%&#8220; max_width=&#8220;100%&#8220; global_colors_info=&#8220;{}&#8220;][et_pb_column type=&#8220;1_3&#8243; _builder_version=&#8220;4.25.1&#8243; _module_preset=&#8220;default&#8220; global_colors_info=&#8220;{}&#8220;][et_pb_image src=&#8220;https:\/\/alamocostadelsol.com\/wp-content\/uploads\/2025\/06\/DSC07090.jpg&#8220; alt=&#8220;Per Lindqvist&#8220; title_text=&#8220;DSC07090&#8243; align=&#8220;right&#8220; _builder_version=&#8220;4.27.4&#8243; _module_preset=&#8220;default&#8220; width=&#8220;80%&#8220; hover_enabled=&#8220;0&#8243; global_colors_info=&#8220;{}&#8220; sticky_enabled=&#8220;0&#8243;][\/et_pb_image][\/et_pb_column][et_pb_column type=&#8220;2_3&#8243; _builder_version=&#8220;4.25.1&#8243; _module_preset=&#8220;default&#8220; global_colors_info=&#8220;{}&#8220;][et_pb_text _builder_version=&#8220;4.25.1&#8243; _module_preset=&#8220;default&#8220; text_font=&#8220;Marcellus||||||||&#8220; text_font_size=&#8220;16px&#8220; header_font=&#8220;Marcellus|700|||||||&#8220; header_font_size=&#8220;36px&#8220; header_2_font=&#8220;Marcellus||||||||&#8220; header_2_font_size=&#8220;22px&#8220; global_colors_info=&#8220;{}&#8220; custom_padding=&#8220;||0px|||&#8220;]<\/p>\n<h1>Per Lindqvist<\/h1>\n<h2>Eigent\u00fcmer<\/h2>\n<p><span><\/span><\/p>\n<p>Ich komme aus dem S\u00fcden Schwedens, lebe und arbeite jedoch seit mittlerweile 13 Jahren in Spanien. Mein akademischer Hintergrund liegt im Bereich Immobilien, den ich in Sk\u00e5ne, Schweden, erworben habe. Erg\u00e4nzt wird dies durch umfassende Erfahrungen als Makler sowohl in Schweden als auch, seit 2011, in Spanien.<\/p>\n<p data-start=\"407\" data-end=\"755\">Im Jahr 2023 habe ich Alamo \u00fcbernommen. Die Herausforderungen, das Unternehmen zu retten, waren teilweise \u00fcberw\u00e4ltigend. Doch gemeinsam mit einem gro\u00dfartigen Team, modernen Ans\u00e4tzen und frischen Ideen ist es uns gelungen, aus einer alt eingesessenen Firma einen modernen, starken und angesehenen Immobilienmakler zu formen, der ernst genommen wird.<\/p>\n<p>[\/et_pb_text][et_pb_code _builder_version=&#8220;4.27.0&#8243; _module_preset=&#8220;default&#8220; global_colors_info=&#8220;{}&#8220;]<div data-src=\"https:\/\/cdn.trustindex.io\/loader.js?4f90f3b4355579867106341f4a2\"><\/div>[\/et_pb_code][\/et_pb_column][\/et_pb_row][et_pb_row _builder_version=&#8220;4.27.0&#8243; _module_preset=&#8220;default&#8220; global_colors_info=&#8220;{}&#8220;][et_pb_column type=&#8220;4_4&#8243; _builder_version=&#8220;4.27.0&#8243; _module_preset=&#8220;default&#8220; global_colors_info=&#8220;{}&#8220;][et_pb_post_nav show_prev=&#8220;off&#8220; _builder_version=&#8220;4.27.0&#8243; _module_preset=&#8220;default&#8220; global_colors_info=&#8220;{}&#8220;][\/et_pb_post_nav][\/et_pb_column][\/et_pb_row][\/et_pb_section]<\/p>\n","protected":false},"excerpt":{"rendered":"<p>Per Lindqvist Eigent\u00fcmer Ich komme aus dem S\u00fcden Schwedens, lebe und arbeite jedoch seit mittlerweile 13 Jahren in Spanien. Mein akademischer Hintergrund liegt im Bereich Immobilien, den ich in Sk\u00e5ne, Schweden, erworben habe. Erg\u00e4nzt wird dies durch umfassende Erfahrungen als Makler sowohl in Schweden als auch, seit 2011, in Spanien. Im Jahr 2023 habe ich [&hellip;]<\/p>\n","protected":false},"author":1,"featured_media":0,"parent":18812185,"menu_order":0,"comment_status":"closed","ping_status":"closed","template":"","meta":{"_et_pb_use_builder":"on","_et_pb_old_content":"","_et_gb_content_width":"","footnotes":""},"dipi_cpt_category":[],"class_list":["post-18812200","page","type-page","status-publish","hentry"],"yoast_head":"<!-- This site is optimized with the Yoast SEO plugin v25.8 - https:\/\/yoast.com\/wordpress\/plugins\/seo\/ -->\n<title>Per Lindqvist | Gesch\u00e4ftsf\u00fchrer von Alamo Costa del Sol<\/title>\n<meta name=\"description\" content=\"Per Lindqvist ist CEO von Alamo Costa del Sol und f\u00fchrt das Unternehmen mit strategischem Einblick und umfassender Erfahrung auf dem lokalen Immobilienmarkt.\" \/>\n<meta name=\"robots\" content=\"index, follow, max-snippet:-1, max-image-preview:large, max-video-preview:-1\" \/>\n<link rel=\"canonical\" href=\"https:\/\/alamocostadelsol.com\/de\/ueber-alamo\/per-lindqvist\" \/>\n<meta property=\"og:locale\" content=\"de_DE\" \/>\n<meta property=\"og:type\" content=\"article\" \/>\n<meta property=\"og:title\" content=\"Per Lindqvist | Gesch\u00e4ftsf\u00fchrer von Alamo Costa del Sol\" \/>\n<meta property=\"og:description\" content=\"Per Lindqvist ist CEO von Alamo Costa del Sol und f\u00fchrt das Unternehmen mit strategischem Einblick und umfassender Erfahrung auf dem lokalen Immobilienmarkt.\" \/>\n<meta property=\"og:url\" content=\"https:\/\/alamocostadelsol.com\/de\/ueber-alamo\/per-lindqvist\" \/>\n<meta property=\"og:site_name\" content=\"Alamo - makes your dream come true at costa del sol\" \/>\n<meta property=\"article:publisher\" content=\"https:\/\/www.facebook.com\/alamocostadelsol\" \/>\n<meta property=\"article:modified_time\" content=\"2026-01-12T15:43:26+00:00\" \/>\n<meta name=\"twitter:card\" content=\"summary_large_image\" \/>\n<meta name=\"twitter:label1\" content=\"Gesch\u00e4tzte Lesezeit\" \/>\n\t<meta name=\"twitter:data1\" content=\"2\u00a0Minuten\" \/>\n<script type=\"application\/ld+json\" class=\"yoast-schema-graph\">{\"@context\":\"https:\/\/schema.org\",\"@graph\":[{\"@type\":\"WebPage\",\"@id\":\"https:\/\/alamocostadelsol.com\/de\/ueber-alamo\/per-lindqvist\",\"url\":\"https:\/\/alamocostadelsol.com\/de\/ueber-alamo\/per-lindqvist\",\"name\":\"Per Lindqvist | Gesch\u00e4ftsf\u00fchrer von Alamo Costa del Sol\",\"isPartOf\":{\"@id\":\"https:\/\/alamocostadelsol.com\/de#website\"},\"datePublished\":\"2024-06-10T16:07:39+00:00\",\"dateModified\":\"2026-01-12T15:43:26+00:00\",\"description\":\"Per Lindqvist ist CEO von Alamo Costa del Sol und f\u00fchrt das Unternehmen mit strategischem Einblick und umfassender Erfahrung auf dem lokalen Immobilienmarkt.\",\"breadcrumb\":{\"@id\":\"https:\/\/alamocostadelsol.com\/de\/ueber-alamo\/per-lindqvist#breadcrumb\"},\"inLanguage\":\"de\",\"potentialAction\":[{\"@type\":\"ReadAction\",\"target\":[\"https:\/\/alamocostadelsol.com\/de\/ueber-alamo\/per-lindqvist\"]}]},{\"@type\":\"BreadcrumbList\",\"@id\":\"https:\/\/alamocostadelsol.com\/de\/ueber-alamo\/per-lindqvist#breadcrumb\",\"itemListElement\":[{\"@type\":\"ListItem\",\"position\":1,\"name\":\"Home\",\"item\":\"https:\/\/alamocostadelsol.com\/de\"},{\"@type\":\"ListItem\",\"position\":2,\"name\":\"\u00dcber Alamo\",\"item\":\"https:\/\/alamocostadelsol.com\/de\/ueber-alamo\"},{\"@type\":\"ListItem\",\"position\":3,\"name\":\"Per Lindqvist\"}]},{\"@type\":\"WebSite\",\"@id\":\"https:\/\/alamocostadelsol.com\/de#website\",\"url\":\"https:\/\/alamocostadelsol.com\/de\",\"name\":\"Alamo - makes your dream come true at costa del sol\",\"description\":\"\",\"publisher\":{\"@id\":\"https:\/\/alamocostadelsol.com\/de#organization\"},\"potentialAction\":[{\"@type\":\"SearchAction\",\"target\":{\"@type\":\"EntryPoint\",\"urlTemplate\":\"https:\/\/alamocostadelsol.com\/de?s={search_term_string}\"},\"query-input\":{\"@type\":\"PropertyValueSpecification\",\"valueRequired\":true,\"valueName\":\"search_term_string\"}}],\"inLanguage\":\"de\"},{\"@type\":\"Organization\",\"@id\":\"https:\/\/alamocostadelsol.com\/de#organization\",\"name\":\"Alamo - makes your dream come true at costa del sol\",\"url\":\"https:\/\/alamocostadelsol.com\/de\",\"logo\":{\"@type\":\"ImageObject\",\"inLanguage\":\"de\",\"@id\":\"https:\/\/alamocostadelsol.com\/de#\/schema\/logo\/image\/\",\"url\":\"https:\/\/alamocostadelsol.com\/wp-content\/uploads\/2024\/05\/alamo-costa-del-sol-logotype.png\",\"contentUrl\":\"https:\/\/alamocostadelsol.com\/wp-content\/uploads\/2024\/05\/alamo-costa-del-sol-logotype.png\",\"width\":773,\"height\":170,\"caption\":\"Alamo - makes your dream come true at costa del sol\"},\"image\":{\"@id\":\"https:\/\/alamocostadelsol.com\/de#\/schema\/logo\/image\/\"},\"sameAs\":[\"https:\/\/www.facebook.com\/alamocostadelsol\",\"https:\/\/www.instagram.com\/alamocostadelsol\/\"]}]}<\/script>\n<!-- \/ Yoast SEO plugin. -->","yoast_head_json":{"title":"Per Lindqvist | Gesch\u00e4ftsf\u00fchrer von Alamo Costa del Sol","description":"Per Lindqvist ist CEO von Alamo Costa del Sol und f\u00fchrt das Unternehmen mit strategischem Einblick und umfassender Erfahrung auf dem lokalen Immobilienmarkt.","robots":{"index":"index","follow":"follow","max-snippet":"max-snippet:-1","max-image-preview":"max-image-preview:large","max-video-preview":"max-video-preview:-1"},"canonical":"https:\/\/alamocostadelsol.com\/de\/ueber-alamo\/per-lindqvist","og_locale":"de_DE","og_type":"article","og_title":"Per Lindqvist | Gesch\u00e4ftsf\u00fchrer von Alamo Costa del Sol","og_description":"Per Lindqvist ist CEO von Alamo Costa del Sol und f\u00fchrt das Unternehmen mit strategischem Einblick und umfassender Erfahrung auf dem lokalen Immobilienmarkt.","og_url":"https:\/\/alamocostadelsol.com\/de\/ueber-alamo\/per-lindqvist","og_site_name":"Alamo - makes your dream come true at costa del sol","article_publisher":"https:\/\/www.facebook.com\/alamocostadelsol","article_modified_time":"2026-01-12T15:43:26+00:00","twitter_card":"summary_large_image","twitter_misc":{"Gesch\u00e4tzte Lesezeit":"2\u00a0Minuten"},"schema":{"@context":"https:\/\/schema.org","@graph":[{"@type":"WebPage","@id":"https:\/\/alamocostadelsol.com\/de\/ueber-alamo\/per-lindqvist","url":"https:\/\/alamocostadelsol.com\/de\/ueber-alamo\/per-lindqvist","name":"Per Lindqvist | Gesch\u00e4ftsf\u00fchrer von Alamo Costa del Sol","isPartOf":{"@id":"https:\/\/alamocostadelsol.com\/de#website"},"datePublished":"2024-06-10T16:07:39+00:00","dateModified":"2026-01-12T15:43:26+00:00","description":"Per Lindqvist ist CEO von Alamo Costa del Sol und f\u00fchrt das Unternehmen mit strategischem Einblick und umfassender Erfahrung auf dem lokalen Immobilienmarkt.","breadcrumb":{"@id":"https:\/\/alamocostadelsol.com\/de\/ueber-alamo\/per-lindqvist#breadcrumb"},"inLanguage":"de","potentialAction":[{"@type":"ReadAction","target":["https:\/\/alamocostadelsol.com\/de\/ueber-alamo\/per-lindqvist"]}]},{"@type":"BreadcrumbList","@id":"https:\/\/alamocostadelsol.com\/de\/ueber-alamo\/per-lindqvist#breadcrumb","itemListElement":[{"@type":"ListItem","position":1,"name":"Home","item":"https:\/\/alamocostadelsol.com\/de"},{"@type":"ListItem","position":2,"name":"\u00dcber Alamo","item":"https:\/\/alamocostadelsol.com\/de\/ueber-alamo"},{"@type":"ListItem","position":3,"name":"Per Lindqvist"}]},{"@type":"WebSite","@id":"https:\/\/alamocostadelsol.com\/de#website","url":"https:\/\/alamocostadelsol.com\/de","name":"Alamo - makes your dream come true at costa del sol","description":"","publisher":{"@id":"https:\/\/alamocostadelsol.com\/de#organization"},"potentialAction":[{"@type":"SearchAction","target":{"@type":"EntryPoint","urlTemplate":"https:\/\/alamocostadelsol.com\/de?s={search_term_string}"},"query-input":{"@type":"PropertyValueSpecification","valueRequired":true,"valueName":"search_term_string"}}],"inLanguage":"de"},{"@type":"Organization","@id":"https:\/\/alamocostadelsol.com\/de#organization","name":"Alamo - makes your dream come true at costa del sol","url":"https:\/\/alamocostadelsol.com\/de","logo":{"@type":"ImageObject","inLanguage":"de","@id":"https:\/\/alamocostadelsol.com\/de#\/schema\/logo\/image\/","url":"https:\/\/alamocostadelsol.com\/wp-content\/uploads\/2024\/05\/alamo-costa-del-sol-logotype.png","contentUrl":"https:\/\/alamocostadelsol.com\/wp-content\/uploads\/2024\/05\/alamo-costa-del-sol-logotype.png","width":773,"height":170,"caption":"Alamo - makes your dream come true at costa del sol"},"image":{"@id":"https:\/\/alamocostadelsol.com\/de#\/schema\/logo\/image\/"},"sameAs":["https:\/\/www.facebook.com\/alamocostadelsol","https:\/\/www.instagram.com\/alamocostadelsol\/"]}]}},"_links":{"self":[{"href":"https:\/\/alamocostadelsol.com\/de\/wp-json\/wp\/v2\/pages\/18812200","targetHints":{"allow":["GET"]}}],"collection":[{"href":"https:\/\/alamocostadelsol.com\/de\/wp-json\/wp\/v2\/pages"}],"about":[{"href":"https:\/\/alamocostadelsol.com\/de\/wp-json\/wp\/v2\/types\/page"}],"author":[{"embeddable":true,"href":"https:\/\/alamocostadelsol.com\/de\/wp-json\/wp\/v2\/users\/1"}],"replies":[{"embeddable":true,"href":"https:\/\/alamocostadelsol.com\/de\/wp-json\/wp\/v2\/comments?post=18812200"}],"version-history":[{"count":3,"href":"https:\/\/alamocostadelsol.com\/de\/wp-json\/wp\/v2\/pages\/18812200\/revisions"}],"predecessor-version":[{"id":18812907,"href":"https:\/\/alamocostadelsol.com\/de\/wp-json\/wp\/v2\/pages\/18812200\/revisions\/18812907"}],"up":[{"embeddable":true,"href":"https:\/\/alamocostadelsol.com\/de\/wp-json\/wp\/v2\/pages\/18812185"}],"wp:attachment":[{"href":"https:\/\/alamocostadelsol.com\/de\/wp-json\/wp\/v2\/media?parent=18812200"}],"wp:term":[{"taxonomy":"dipi_cpt_category","embeddable":true,"href":"https:\/\/alamocostadelsol.com\/de\/wp-json\/wp\/v2\/dipi_cpt_category?post=18812200"}],"curies":[{"name":"wp","href":"https:\/\/api.w.org\/{rel}","templated":true}]}}