{"id":18812191,"date":"2024-06-10T19:33:00","date_gmt":"2024-06-10T17:33:00","guid":{"rendered":"https:\/\/alamocostadelsol.com\/ueber-alamo\/henriette-markwordt"},"modified":"2026-01-27T11:20:46","modified_gmt":"2026-01-27T10:20:46","slug":"henriette-markwordt","status":"publish","type":"page","link":"https:\/\/alamocostadelsol.com\/de\/ueber-alamo\/henriette-markwordt","title":{"rendered":"Henriette Markwordt"},"content":{"rendered":"<p>[et_pb_section fb_built=&#8220;1&#8243; _builder_version=&#8220;4.25.1&#8243; _module_preset=&#8220;default&#8220; global_colors_info=&#8220;{}&#8220;][et_pb_row column_structure=&#8220;1_3,2_3&#8243; _builder_version=&#8220;4.25.1&#8243; _module_preset=&#8220;default&#8220; width=&#8220;90%&#8220; max_width=&#8220;100%&#8220; global_colors_info=&#8220;{}&#8220;][et_pb_column type=&#8220;1_3&#8243; _builder_version=&#8220;4.25.1&#8243; _module_preset=&#8220;default&#8220; global_colors_info=&#8220;{}&#8220;][et_pb_image src=&#8220;https:\/\/alamocostadelsol.com\/wp-content\/uploads\/2025\/05\/new-size.jpeg&#8220; alt=&#8220;Luciano Di Carlo . Partner Alamo &#8220; title_text=&#8220;Henriette Markwordt&#8220; align=&#8220;right&#8220; _builder_version=&#8220;4.27.4&#8243; _module_preset=&#8220;default&#8220; width=&#8220;80%&#8220; global_colors_info=&#8220;{}&#8220;][\/et_pb_image][\/et_pb_column][et_pb_column type=&#8220;2_3&#8243; _builder_version=&#8220;4.25.1&#8243; _module_preset=&#8220;default&#8220; global_colors_info=&#8220;{}&#8220;][et_pb_text _builder_version=&#8220;4.25.2&#8243; _module_preset=&#8220;default&#8220; text_font=&#8220;Marcellus||||||||&#8220; text_font_size=&#8220;16px&#8220; header_font=&#8220;Marcellus|700|||||||&#8220; header_font_size=&#8220;36px&#8220; header_2_font=&#8220;Marcellus||||||||&#8220; header_2_font_size=&#8220;22px&#8220; global_colors_info=&#8220;{}&#8220;]<\/p>\n<h1><a class=\"block font-medium text-lg\">Henriette Markwordt<\/a><\/h1>\n<h2>Administrations-Assistentin<\/h2>\n<p><span><\/span><\/p>\n<p>Urspr\u00fcnglich aus Deutschland stammend, lebe ich nun seit 10 Jahren in Spanien und habe meine Wurzeln fest an der Costa del Sol verankert.<\/p>\n<p>Als Verwaltungsassistent bei Alamo Costa del Sol Real Estate setze ich meine St\u00e4rken im Multitasking und Organisationstalent voll ein.<br data-start=\"400\" data-end=\"403\">Meine Mehrsprachigkeit \u2013 flie\u00dfend in Deutsch, Englisch und Spanisch \u2013 erm\u00f6glicht es mir, unseren internationalen Kunden den bestm\u00f6glichen Service zu bieten.<br data-start=\"542\" data-end=\"545\">Im B\u00fcro bin ich der zentrale Ansprechpartner und jederzeit erreichbar \u2013 sei es telefonisch, per E-Mail oder pers\u00f6nlich. Ich unterst\u00fctze unsere Agenten bei administrativen Angelegenheiten und stelle sicher, dass sie sich voll und ganz auf ihre Kunden konzentrieren k\u00f6nnen.<\/p>\n<p>Mein Motto: Es gibt nichts, was ich nicht lernen kann. Ich sehe jede neue Herausforderung als Chance, zu wachsen und noch vielseitiger zu werden.<br data-start=\"880\" data-end=\"883\">Bei Alamo habe ich die ideale Umgebung gefunden, um das Beste aus meinen organisatorischen F\u00e4higkeiten und internationalen Erfahrungen zu machen \u2013 und jeden Tag weiter zu lernen.<\/p>\n<p>[\/et_pb_text][\/et_pb_column][\/et_pb_row][et_pb_row _builder_version=&#8220;4.27.0&#8243; _module_preset=&#8220;default&#8220; global_colors_info=&#8220;{}&#8220;][et_pb_column type=&#8220;4_4&#8243; _builder_version=&#8220;4.27.0&#8243; _module_preset=&#8220;default&#8220; global_colors_info=&#8220;{}&#8220;][et_pb_post_nav show_next=&#8220;off&#8220; _builder_version=&#8220;4.27.0&#8243; _module_preset=&#8220;default&#8220; global_colors_info=&#8220;{}&#8220;][\/et_pb_post_nav][\/et_pb_column][\/et_pb_row][\/et_pb_section]<\/p>\n","protected":false},"excerpt":{"rendered":"<p>Henriette Markwordt Administrations-Assistentin Urspr\u00fcnglich aus Deutschland stammend, lebe ich nun seit 10 Jahren in Spanien und habe meine Wurzeln fest an der Costa del Sol verankert. Als Verwaltungsassistent bei Alamo Costa del Sol Real Estate setze ich meine St\u00e4rken im Multitasking und Organisationstalent voll ein.Meine Mehrsprachigkeit \u2013 flie\u00dfend in Deutsch, Englisch und Spanisch \u2013 erm\u00f6glicht [&hellip;]<\/p>\n","protected":false},"author":3,"featured_media":0,"parent":18812185,"menu_order":0,"comment_status":"closed","ping_status":"closed","template":"","meta":{"_et_pb_use_builder":"on","_et_pb_old_content":"","_et_gb_content_width":"","footnotes":""},"dipi_cpt_category":[],"class_list":["post-18812191","page","type-page","status-publish","hentry"],"yoast_head":"<!-- This site is optimized with the Yoast SEO plugin v25.8 - https:\/\/yoast.com\/wordpress\/plugins\/seo\/ -->\n<title>Henriette Markwordt | Verwaltungsassistent bei Alamo Costa del Sol<\/title>\n<meta name=\"description\" content=\"Henriette Markwordt ist Verwaltungsassistentin bei Alamo Costa del Sol und unterst\u00fctzt Kunden und Agenten bei Koordination, Dokumentation und t\u00e4glichen Abl\u00e4ufen.\" \/>\n<meta name=\"robots\" content=\"index, follow, max-snippet:-1, max-image-preview:large, max-video-preview:-1\" \/>\n<link rel=\"canonical\" href=\"https:\/\/alamocostadelsol.com\/de\/ueber-alamo\/henriette-markwordt\" \/>\n<meta property=\"og:locale\" content=\"de_DE\" \/>\n<meta property=\"og:type\" content=\"article\" \/>\n<meta property=\"og:title\" content=\"Henriette Markwordt | Verwaltungsassistent bei Alamo Costa del Sol\" \/>\n<meta property=\"og:description\" content=\"Henriette Markwordt ist Verwaltungsassistentin bei Alamo Costa del Sol und unterst\u00fctzt Kunden und Agenten bei Koordination, Dokumentation und t\u00e4glichen Abl\u00e4ufen.\" \/>\n<meta property=\"og:url\" content=\"https:\/\/alamocostadelsol.com\/de\/ueber-alamo\/henriette-markwordt\" \/>\n<meta property=\"og:site_name\" content=\"Alamo - makes your dream come true at costa del sol\" \/>\n<meta property=\"article:publisher\" content=\"https:\/\/www.facebook.com\/alamocostadelsol\" \/>\n<meta property=\"article:modified_time\" content=\"2026-01-27T10:20:46+00:00\" \/>\n<meta name=\"twitter:card\" content=\"summary_large_image\" \/>\n<meta name=\"twitter:label1\" content=\"Gesch\u00e4tzte Lesezeit\" \/>\n\t<meta name=\"twitter:data1\" content=\"2\u00a0Minuten\" \/>\n<script type=\"application\/ld+json\" class=\"yoast-schema-graph\">{\"@context\":\"https:\/\/schema.org\",\"@graph\":[{\"@type\":\"WebPage\",\"@id\":\"https:\/\/alamocostadelsol.com\/de\/ueber-alamo\/henriette-markwordt\",\"url\":\"https:\/\/alamocostadelsol.com\/de\/ueber-alamo\/henriette-markwordt\",\"name\":\"Henriette Markwordt | Verwaltungsassistent bei Alamo Costa del Sol\",\"isPartOf\":{\"@id\":\"https:\/\/alamocostadelsol.com\/de#website\"},\"datePublished\":\"2024-06-10T17:33:00+00:00\",\"dateModified\":\"2026-01-27T10:20:46+00:00\",\"description\":\"Henriette Markwordt ist Verwaltungsassistentin bei Alamo Costa del Sol und unterst\u00fctzt Kunden und Agenten bei Koordination, Dokumentation und t\u00e4glichen Abl\u00e4ufen.\",\"breadcrumb\":{\"@id\":\"https:\/\/alamocostadelsol.com\/de\/ueber-alamo\/henriette-markwordt#breadcrumb\"},\"inLanguage\":\"de\",\"potentialAction\":[{\"@type\":\"ReadAction\",\"target\":[\"https:\/\/alamocostadelsol.com\/de\/ueber-alamo\/henriette-markwordt\"]}]},{\"@type\":\"BreadcrumbList\",\"@id\":\"https:\/\/alamocostadelsol.com\/de\/ueber-alamo\/henriette-markwordt#breadcrumb\",\"itemListElement\":[{\"@type\":\"ListItem\",\"position\":1,\"name\":\"Home\",\"item\":\"https:\/\/alamocostadelsol.com\/de\"},{\"@type\":\"ListItem\",\"position\":2,\"name\":\"\u00dcber Alamo\",\"item\":\"https:\/\/alamocostadelsol.com\/de\/ueber-alamo\"},{\"@type\":\"ListItem\",\"position\":3,\"name\":\"Henriette Markwordt\"}]},{\"@type\":\"WebSite\",\"@id\":\"https:\/\/alamocostadelsol.com\/de#website\",\"url\":\"https:\/\/alamocostadelsol.com\/de\",\"name\":\"Alamo - makes your dream come true at costa del sol\",\"description\":\"\",\"publisher\":{\"@id\":\"https:\/\/alamocostadelsol.com\/de#organization\"},\"potentialAction\":[{\"@type\":\"SearchAction\",\"target\":{\"@type\":\"EntryPoint\",\"urlTemplate\":\"https:\/\/alamocostadelsol.com\/de?s={search_term_string}\"},\"query-input\":{\"@type\":\"PropertyValueSpecification\",\"valueRequired\":true,\"valueName\":\"search_term_string\"}}],\"inLanguage\":\"de\"},{\"@type\":\"Organization\",\"@id\":\"https:\/\/alamocostadelsol.com\/de#organization\",\"name\":\"Alamo - makes your dream come true at costa del sol\",\"url\":\"https:\/\/alamocostadelsol.com\/de\",\"logo\":{\"@type\":\"ImageObject\",\"inLanguage\":\"de\",\"@id\":\"https:\/\/alamocostadelsol.com\/de#\/schema\/logo\/image\/\",\"url\":\"https:\/\/alamocostadelsol.com\/wp-content\/uploads\/2024\/05\/alamo-costa-del-sol-logotype.png\",\"contentUrl\":\"https:\/\/alamocostadelsol.com\/wp-content\/uploads\/2024\/05\/alamo-costa-del-sol-logotype.png\",\"width\":773,\"height\":170,\"caption\":\"Alamo - makes your dream come true at costa del sol\"},\"image\":{\"@id\":\"https:\/\/alamocostadelsol.com\/de#\/schema\/logo\/image\/\"},\"sameAs\":[\"https:\/\/www.facebook.com\/alamocostadelsol\",\"https:\/\/www.instagram.com\/alamocostadelsol\/\"]}]}<\/script>\n<!-- \/ Yoast SEO plugin. -->","yoast_head_json":{"title":"Henriette Markwordt | Verwaltungsassistent bei Alamo Costa del Sol","description":"Henriette Markwordt ist Verwaltungsassistentin bei Alamo Costa del Sol und unterst\u00fctzt Kunden und Agenten bei Koordination, Dokumentation und t\u00e4glichen Abl\u00e4ufen.","robots":{"index":"index","follow":"follow","max-snippet":"max-snippet:-1","max-image-preview":"max-image-preview:large","max-video-preview":"max-video-preview:-1"},"canonical":"https:\/\/alamocostadelsol.com\/de\/ueber-alamo\/henriette-markwordt","og_locale":"de_DE","og_type":"article","og_title":"Henriette Markwordt | Verwaltungsassistent bei Alamo Costa del Sol","og_description":"Henriette Markwordt ist Verwaltungsassistentin bei Alamo Costa del Sol und unterst\u00fctzt Kunden und Agenten bei Koordination, Dokumentation und t\u00e4glichen Abl\u00e4ufen.","og_url":"https:\/\/alamocostadelsol.com\/de\/ueber-alamo\/henriette-markwordt","og_site_name":"Alamo - makes your dream come true at costa del sol","article_publisher":"https:\/\/www.facebook.com\/alamocostadelsol","article_modified_time":"2026-01-27T10:20:46+00:00","twitter_card":"summary_large_image","twitter_misc":{"Gesch\u00e4tzte Lesezeit":"2\u00a0Minuten"},"schema":{"@context":"https:\/\/schema.org","@graph":[{"@type":"WebPage","@id":"https:\/\/alamocostadelsol.com\/de\/ueber-alamo\/henriette-markwordt","url":"https:\/\/alamocostadelsol.com\/de\/ueber-alamo\/henriette-markwordt","name":"Henriette Markwordt | Verwaltungsassistent bei Alamo Costa del Sol","isPartOf":{"@id":"https:\/\/alamocostadelsol.com\/de#website"},"datePublished":"2024-06-10T17:33:00+00:00","dateModified":"2026-01-27T10:20:46+00:00","description":"Henriette Markwordt ist Verwaltungsassistentin bei Alamo Costa del Sol und unterst\u00fctzt Kunden und Agenten bei Koordination, Dokumentation und t\u00e4glichen Abl\u00e4ufen.","breadcrumb":{"@id":"https:\/\/alamocostadelsol.com\/de\/ueber-alamo\/henriette-markwordt#breadcrumb"},"inLanguage":"de","potentialAction":[{"@type":"ReadAction","target":["https:\/\/alamocostadelsol.com\/de\/ueber-alamo\/henriette-markwordt"]}]},{"@type":"BreadcrumbList","@id":"https:\/\/alamocostadelsol.com\/de\/ueber-alamo\/henriette-markwordt#breadcrumb","itemListElement":[{"@type":"ListItem","position":1,"name":"Home","item":"https:\/\/alamocostadelsol.com\/de"},{"@type":"ListItem","position":2,"name":"\u00dcber Alamo","item":"https:\/\/alamocostadelsol.com\/de\/ueber-alamo"},{"@type":"ListItem","position":3,"name":"Henriette Markwordt"}]},{"@type":"WebSite","@id":"https:\/\/alamocostadelsol.com\/de#website","url":"https:\/\/alamocostadelsol.com\/de","name":"Alamo - makes your dream come true at costa del sol","description":"","publisher":{"@id":"https:\/\/alamocostadelsol.com\/de#organization"},"potentialAction":[{"@type":"SearchAction","target":{"@type":"EntryPoint","urlTemplate":"https:\/\/alamocostadelsol.com\/de?s={search_term_string}"},"query-input":{"@type":"PropertyValueSpecification","valueRequired":true,"valueName":"search_term_string"}}],"inLanguage":"de"},{"@type":"Organization","@id":"https:\/\/alamocostadelsol.com\/de#organization","name":"Alamo - makes your dream come true at costa del sol","url":"https:\/\/alamocostadelsol.com\/de","logo":{"@type":"ImageObject","inLanguage":"de","@id":"https:\/\/alamocostadelsol.com\/de#\/schema\/logo\/image\/","url":"https:\/\/alamocostadelsol.com\/wp-content\/uploads\/2024\/05\/alamo-costa-del-sol-logotype.png","contentUrl":"https:\/\/alamocostadelsol.com\/wp-content\/uploads\/2024\/05\/alamo-costa-del-sol-logotype.png","width":773,"height":170,"caption":"Alamo - makes your dream come true at costa del sol"},"image":{"@id":"https:\/\/alamocostadelsol.com\/de#\/schema\/logo\/image\/"},"sameAs":["https:\/\/www.facebook.com\/alamocostadelsol","https:\/\/www.instagram.com\/alamocostadelsol\/"]}]}},"_links":{"self":[{"href":"https:\/\/alamocostadelsol.com\/de\/wp-json\/wp\/v2\/pages\/18812191","targetHints":{"allow":["GET"]}}],"collection":[{"href":"https:\/\/alamocostadelsol.com\/de\/wp-json\/wp\/v2\/pages"}],"about":[{"href":"https:\/\/alamocostadelsol.com\/de\/wp-json\/wp\/v2\/types\/page"}],"author":[{"embeddable":true,"href":"https:\/\/alamocostadelsol.com\/de\/wp-json\/wp\/v2\/users\/3"}],"replies":[{"embeddable":true,"href":"https:\/\/alamocostadelsol.com\/de\/wp-json\/wp\/v2\/comments?post=18812191"}],"version-history":[{"count":9,"href":"https:\/\/alamocostadelsol.com\/de\/wp-json\/wp\/v2\/pages\/18812191\/revisions"}],"predecessor-version":[{"id":18815582,"href":"https:\/\/alamocostadelsol.com\/de\/wp-json\/wp\/v2\/pages\/18812191\/revisions\/18815582"}],"up":[{"embeddable":true,"href":"https:\/\/alamocostadelsol.com\/de\/wp-json\/wp\/v2\/pages\/18812185"}],"wp:attachment":[{"href":"https:\/\/alamocostadelsol.com\/de\/wp-json\/wp\/v2\/media?parent=18812191"}],"wp:term":[{"taxonomy":"dipi_cpt_category","embeddable":true,"href":"https:\/\/alamocostadelsol.com\/de\/wp-json\/wp\/v2\/dipi_cpt_category?post=18812191"}],"curies":[{"name":"wp","href":"https:\/\/api.w.org\/{rel}","templated":true}]}}