{"id":18812188,"date":"2024-06-10T18:12:04","date_gmt":"2024-06-10T16:12:04","guid":{"rendered":"https:\/\/alamocostadelsol.com\/ueber-alamo\/catarina-henriksson"},"modified":"2026-01-12T13:38:44","modified_gmt":"2026-01-12T12:38:44","slug":"catarina-henriksson","status":"publish","type":"page","link":"https:\/\/alamocostadelsol.com\/de\/ueber-alamo\/catarina-henriksson","title":{"rendered":"Catarina Henriksson"},"content":{"rendered":"<p>[et_pb_section fb_built=&#8220;1&#8243; _builder_version=&#8220;4.25.1&#8243; _module_preset=&#8220;default&#8220; global_colors_info=&#8220;{}&#8220;][et_pb_row column_structure=&#8220;1_3,2_3&#8243; _builder_version=&#8220;4.25.1&#8243; _module_preset=&#8220;default&#8220; width=&#8220;90%&#8220; max_width=&#8220;100%&#8220; global_colors_info=&#8220;{}&#8220;][et_pb_column type=&#8220;1_3&#8243; _builder_version=&#8220;4.25.1&#8243; _module_preset=&#8220;default&#8220; global_colors_info=&#8220;{}&#8220;][et_pb_image src=&#8220;https:\/\/alamocostadelsol.com\/wp-content\/uploads\/2024\/06\/1Rityta-1@0.5x-7.webp&#8220; alt=&#8220;Catarina Henriksson&#8220; title_text=&#8220;Catarina Henriksson &#8211; Immobilienmaklerin&#8220; align=&#8220;right&#8220; _builder_version=&#8220;4.27.4&#8243; _module_preset=&#8220;default&#8220; width=&#8220;80%&#8220; hover_enabled=&#8220;0&#8243; global_colors_info=&#8220;{}&#8220; sticky_enabled=&#8220;0&#8243;][\/et_pb_image][\/et_pb_column][et_pb_column type=&#8220;2_3&#8243; _builder_version=&#8220;4.25.1&#8243; _module_preset=&#8220;default&#8220; global_colors_info=&#8220;{}&#8220;][et_pb_text _builder_version=&#8220;4.25.1&#8243; _module_preset=&#8220;default&#8220; text_font=&#8220;Marcellus||||||||&#8220; text_font_size=&#8220;16px&#8220; header_font=&#8220;Marcellus|700|||||||&#8220; header_font_size=&#8220;36px&#8220; header_2_font=&#8220;Marcellus||||||||&#8220; header_2_font_size=&#8220;22px&#8220; global_colors_info=&#8220;{}&#8220;]<\/p>\n<h1><a class=\"block font-medium text-lg\">Catarina Henriksson<\/a><\/h1>\n<h2>Partner<\/h2>\n<p><span><\/span><\/p>\n<p><span>Ich komme urspr\u00fcnglich aus Norrk\u00f6ping, f\u00fchle mich aber eher als Weltb\u00fcrger. Als ich 7 Jahre alt war, zog meine Familie nach Bagdad im Irak und ein Jahr sp\u00e4ter war es Riad in Saudi-Arabien, und so ging es weiter. Im Alter von 18 Jahren bin ich in den Urlaub an die Costa del Sol gefahren, aber ich bin nie wieder nach Schweden zur\u00fcckgekehrt.  <\/span><\/p>\n<p><span>Ich habe mich total verliebt in die W\u00e4rme, das Essen und diese wunderbaren Spanier. Jetzt lebe ich seit 31 Jahren hier und spreche flie\u00dfend Spanisch, Englisch und Schwedisch. Meine St\u00e4rken sind, dass ich eifrig, ein Probleml\u00f6ser und ein Enthusiasmus bin. Ich kenne mich sehr gut mit der K\u00fcste aus, insbesondere mit Fuengirola. Ich wei\u00df, welche Gebiete und Gemeinden am besten sind und welche ich nicht empfehlen w\u00fcrde. Meine absoluten Lieblingsgebiete sind Torreblanca, Carvajal und Higueron, die exklusivsten, die wir hier in Fuengirola haben. Z\u00f6gern Sie nicht, mich zu kontaktieren, und ich kann Ihnen sagen, was das Besondere daran ist, hier zu leben und warum es die beste Investition ist, die Sie t\u00e4tigen k\u00f6nnen.      <\/span><\/p>\n<p>[\/et_pb_text][et_pb_code _builder_version=&#8220;4.27.0&#8243; _module_preset=&#8220;default&#8220; global_colors_info=&#8220;{}&#8220;]<div data-src=\"https:\/\/cdn.trustindex.io\/loader.js?d23fe1c4300d7890bc063a63606\"><\/div>[\/et_pb_code][\/et_pb_column][\/et_pb_row][et_pb_row _builder_version=&#8220;4.27.0&#8243; _module_preset=&#8220;default&#8220; global_colors_info=&#8220;{}&#8220;][et_pb_column type=&#8220;4_4&#8243; _builder_version=&#8220;4.27.0&#8243; _module_preset=&#8220;default&#8220; global_colors_info=&#8220;{}&#8220;][et_pb_post_nav _builder_version=&#8220;4.27.0&#8243; _module_preset=&#8220;default&#8220; global_colors_info=&#8220;{}&#8220;][\/et_pb_post_nav][\/et_pb_column][\/et_pb_row][\/et_pb_section]<\/p>\n","protected":false},"excerpt":{"rendered":"<p>Catarina Henriksson Partner Ich komme urspr\u00fcnglich aus Norrk\u00f6ping, f\u00fchle mich aber eher als Weltb\u00fcrger. Als ich 7 Jahre alt war, zog meine Familie nach Bagdad im Irak und ein Jahr sp\u00e4ter war es Riad in Saudi-Arabien, und so ging es weiter. Im Alter von 18 Jahren bin ich in den Urlaub an die Costa del [&hellip;]<\/p>\n","protected":false},"author":1,"featured_media":0,"parent":18812185,"menu_order":0,"comment_status":"closed","ping_status":"closed","template":"","meta":{"_et_pb_use_builder":"on","_et_pb_old_content":"","_et_gb_content_width":"","footnotes":""},"dipi_cpt_category":[],"class_list":["post-18812188","page","type-page","status-publish","hentry"],"yoast_head":"<!-- This site is optimized with the Yoast SEO plugin v25.8 - https:\/\/yoast.com\/wordpress\/plugins\/seo\/ -->\n<title>Catarina Henriksson | Immobilienmakler an der Costa del Sol<\/title>\n<meta name=\"description\" content=\"Catarina Henriksson ist Immobilienmaklerin bei Alamo Costa del Sol und unterst\u00fctzt K\u00e4ufer und Verk\u00e4ufer mit lokaler Expertise und pers\u00f6nlichem Service.\" \/>\n<meta name=\"robots\" content=\"index, follow, max-snippet:-1, max-image-preview:large, max-video-preview:-1\" \/>\n<link rel=\"canonical\" href=\"https:\/\/alamocostadelsol.com\/de\/ueber-alamo\/catarina-henriksson\" \/>\n<meta property=\"og:locale\" content=\"de_DE\" \/>\n<meta property=\"og:type\" content=\"article\" \/>\n<meta property=\"og:title\" content=\"Catarina Henriksson | Immobilienmakler an der Costa del Sol\" \/>\n<meta property=\"og:description\" content=\"Catarina Henriksson ist Immobilienmaklerin bei Alamo Costa del Sol und unterst\u00fctzt K\u00e4ufer und Verk\u00e4ufer mit lokaler Expertise und pers\u00f6nlichem Service.\" \/>\n<meta property=\"og:url\" content=\"https:\/\/alamocostadelsol.com\/de\/ueber-alamo\/catarina-henriksson\" \/>\n<meta property=\"og:site_name\" content=\"Alamo - makes your dream come true at costa del sol\" \/>\n<meta property=\"article:publisher\" content=\"https:\/\/www.facebook.com\/alamocostadelsol\" \/>\n<meta property=\"article:modified_time\" content=\"2026-01-12T12:38:44+00:00\" \/>\n<meta name=\"twitter:card\" content=\"summary_large_image\" \/>\n<meta name=\"twitter:label1\" content=\"Gesch\u00e4tzte Lesezeit\" \/>\n\t<meta name=\"twitter:data1\" content=\"2\u00a0Minuten\" \/>\n<script type=\"application\/ld+json\" class=\"yoast-schema-graph\">{\"@context\":\"https:\/\/schema.org\",\"@graph\":[{\"@type\":\"WebPage\",\"@id\":\"https:\/\/alamocostadelsol.com\/de\/ueber-alamo\/catarina-henriksson\",\"url\":\"https:\/\/alamocostadelsol.com\/de\/ueber-alamo\/catarina-henriksson\",\"name\":\"Catarina Henriksson | Immobilienmakler an der Costa del Sol\",\"isPartOf\":{\"@id\":\"https:\/\/alamocostadelsol.com\/de#website\"},\"datePublished\":\"2024-06-10T16:12:04+00:00\",\"dateModified\":\"2026-01-12T12:38:44+00:00\",\"description\":\"Catarina Henriksson ist Immobilienmaklerin bei Alamo Costa del Sol und unterst\u00fctzt K\u00e4ufer und Verk\u00e4ufer mit lokaler Expertise und pers\u00f6nlichem Service.\",\"breadcrumb\":{\"@id\":\"https:\/\/alamocostadelsol.com\/de\/ueber-alamo\/catarina-henriksson#breadcrumb\"},\"inLanguage\":\"de\",\"potentialAction\":[{\"@type\":\"ReadAction\",\"target\":[\"https:\/\/alamocostadelsol.com\/de\/ueber-alamo\/catarina-henriksson\"]}]},{\"@type\":\"BreadcrumbList\",\"@id\":\"https:\/\/alamocostadelsol.com\/de\/ueber-alamo\/catarina-henriksson#breadcrumb\",\"itemListElement\":[{\"@type\":\"ListItem\",\"position\":1,\"name\":\"Home\",\"item\":\"https:\/\/alamocostadelsol.com\/de\"},{\"@type\":\"ListItem\",\"position\":2,\"name\":\"\u00dcber Alamo\",\"item\":\"https:\/\/alamocostadelsol.com\/de\/ueber-alamo\"},{\"@type\":\"ListItem\",\"position\":3,\"name\":\"Catarina Henriksson\"}]},{\"@type\":\"WebSite\",\"@id\":\"https:\/\/alamocostadelsol.com\/de#website\",\"url\":\"https:\/\/alamocostadelsol.com\/de\",\"name\":\"Alamo - makes your dream come true at costa del sol\",\"description\":\"\",\"publisher\":{\"@id\":\"https:\/\/alamocostadelsol.com\/de#organization\"},\"potentialAction\":[{\"@type\":\"SearchAction\",\"target\":{\"@type\":\"EntryPoint\",\"urlTemplate\":\"https:\/\/alamocostadelsol.com\/de?s={search_term_string}\"},\"query-input\":{\"@type\":\"PropertyValueSpecification\",\"valueRequired\":true,\"valueName\":\"search_term_string\"}}],\"inLanguage\":\"de\"},{\"@type\":\"Organization\",\"@id\":\"https:\/\/alamocostadelsol.com\/de#organization\",\"name\":\"Alamo - makes your dream come true at costa del sol\",\"url\":\"https:\/\/alamocostadelsol.com\/de\",\"logo\":{\"@type\":\"ImageObject\",\"inLanguage\":\"de\",\"@id\":\"https:\/\/alamocostadelsol.com\/de#\/schema\/logo\/image\/\",\"url\":\"https:\/\/alamocostadelsol.com\/wp-content\/uploads\/2024\/05\/alamo-costa-del-sol-logotype.png\",\"contentUrl\":\"https:\/\/alamocostadelsol.com\/wp-content\/uploads\/2024\/05\/alamo-costa-del-sol-logotype.png\",\"width\":773,\"height\":170,\"caption\":\"Alamo - makes your dream come true at costa del sol\"},\"image\":{\"@id\":\"https:\/\/alamocostadelsol.com\/de#\/schema\/logo\/image\/\"},\"sameAs\":[\"https:\/\/www.facebook.com\/alamocostadelsol\",\"https:\/\/www.instagram.com\/alamocostadelsol\/\"]}]}<\/script>\n<!-- \/ Yoast SEO plugin. -->","yoast_head_json":{"title":"Catarina Henriksson | Immobilienmakler an der Costa del Sol","description":"Catarina Henriksson ist Immobilienmaklerin bei Alamo Costa del Sol und unterst\u00fctzt K\u00e4ufer und Verk\u00e4ufer mit lokaler Expertise und pers\u00f6nlichem Service.","robots":{"index":"index","follow":"follow","max-snippet":"max-snippet:-1","max-image-preview":"max-image-preview:large","max-video-preview":"max-video-preview:-1"},"canonical":"https:\/\/alamocostadelsol.com\/de\/ueber-alamo\/catarina-henriksson","og_locale":"de_DE","og_type":"article","og_title":"Catarina Henriksson | Immobilienmakler an der Costa del Sol","og_description":"Catarina Henriksson ist Immobilienmaklerin bei Alamo Costa del Sol und unterst\u00fctzt K\u00e4ufer und Verk\u00e4ufer mit lokaler Expertise und pers\u00f6nlichem Service.","og_url":"https:\/\/alamocostadelsol.com\/de\/ueber-alamo\/catarina-henriksson","og_site_name":"Alamo - makes your dream come true at costa del sol","article_publisher":"https:\/\/www.facebook.com\/alamocostadelsol","article_modified_time":"2026-01-12T12:38:44+00:00","twitter_card":"summary_large_image","twitter_misc":{"Gesch\u00e4tzte Lesezeit":"2\u00a0Minuten"},"schema":{"@context":"https:\/\/schema.org","@graph":[{"@type":"WebPage","@id":"https:\/\/alamocostadelsol.com\/de\/ueber-alamo\/catarina-henriksson","url":"https:\/\/alamocostadelsol.com\/de\/ueber-alamo\/catarina-henriksson","name":"Catarina Henriksson | Immobilienmakler an der Costa del Sol","isPartOf":{"@id":"https:\/\/alamocostadelsol.com\/de#website"},"datePublished":"2024-06-10T16:12:04+00:00","dateModified":"2026-01-12T12:38:44+00:00","description":"Catarina Henriksson ist Immobilienmaklerin bei Alamo Costa del Sol und unterst\u00fctzt K\u00e4ufer und Verk\u00e4ufer mit lokaler Expertise und pers\u00f6nlichem Service.","breadcrumb":{"@id":"https:\/\/alamocostadelsol.com\/de\/ueber-alamo\/catarina-henriksson#breadcrumb"},"inLanguage":"de","potentialAction":[{"@type":"ReadAction","target":["https:\/\/alamocostadelsol.com\/de\/ueber-alamo\/catarina-henriksson"]}]},{"@type":"BreadcrumbList","@id":"https:\/\/alamocostadelsol.com\/de\/ueber-alamo\/catarina-henriksson#breadcrumb","itemListElement":[{"@type":"ListItem","position":1,"name":"Home","item":"https:\/\/alamocostadelsol.com\/de"},{"@type":"ListItem","position":2,"name":"\u00dcber Alamo","item":"https:\/\/alamocostadelsol.com\/de\/ueber-alamo"},{"@type":"ListItem","position":3,"name":"Catarina Henriksson"}]},{"@type":"WebSite","@id":"https:\/\/alamocostadelsol.com\/de#website","url":"https:\/\/alamocostadelsol.com\/de","name":"Alamo - makes your dream come true at costa del sol","description":"","publisher":{"@id":"https:\/\/alamocostadelsol.com\/de#organization"},"potentialAction":[{"@type":"SearchAction","target":{"@type":"EntryPoint","urlTemplate":"https:\/\/alamocostadelsol.com\/de?s={search_term_string}"},"query-input":{"@type":"PropertyValueSpecification","valueRequired":true,"valueName":"search_term_string"}}],"inLanguage":"de"},{"@type":"Organization","@id":"https:\/\/alamocostadelsol.com\/de#organization","name":"Alamo - makes your dream come true at costa del sol","url":"https:\/\/alamocostadelsol.com\/de","logo":{"@type":"ImageObject","inLanguage":"de","@id":"https:\/\/alamocostadelsol.com\/de#\/schema\/logo\/image\/","url":"https:\/\/alamocostadelsol.com\/wp-content\/uploads\/2024\/05\/alamo-costa-del-sol-logotype.png","contentUrl":"https:\/\/alamocostadelsol.com\/wp-content\/uploads\/2024\/05\/alamo-costa-del-sol-logotype.png","width":773,"height":170,"caption":"Alamo - makes your dream come true at costa del sol"},"image":{"@id":"https:\/\/alamocostadelsol.com\/de#\/schema\/logo\/image\/"},"sameAs":["https:\/\/www.facebook.com\/alamocostadelsol","https:\/\/www.instagram.com\/alamocostadelsol\/"]}]}},"_links":{"self":[{"href":"https:\/\/alamocostadelsol.com\/de\/wp-json\/wp\/v2\/pages\/18812188","targetHints":{"allow":["GET"]}}],"collection":[{"href":"https:\/\/alamocostadelsol.com\/de\/wp-json\/wp\/v2\/pages"}],"about":[{"href":"https:\/\/alamocostadelsol.com\/de\/wp-json\/wp\/v2\/types\/page"}],"author":[{"embeddable":true,"href":"https:\/\/alamocostadelsol.com\/de\/wp-json\/wp\/v2\/users\/1"}],"replies":[{"embeddable":true,"href":"https:\/\/alamocostadelsol.com\/de\/wp-json\/wp\/v2\/comments?post=18812188"}],"version-history":[{"count":8,"href":"https:\/\/alamocostadelsol.com\/de\/wp-json\/wp\/v2\/pages\/18812188\/revisions"}],"predecessor-version":[{"id":18814280,"href":"https:\/\/alamocostadelsol.com\/de\/wp-json\/wp\/v2\/pages\/18812188\/revisions\/18814280"}],"up":[{"embeddable":true,"href":"https:\/\/alamocostadelsol.com\/de\/wp-json\/wp\/v2\/pages\/18812185"}],"wp:attachment":[{"href":"https:\/\/alamocostadelsol.com\/de\/wp-json\/wp\/v2\/media?parent=18812188"}],"wp:term":[{"taxonomy":"dipi_cpt_category","embeddable":true,"href":"https:\/\/alamocostadelsol.com\/de\/wp-json\/wp\/v2\/dipi_cpt_category?post=18812188"}],"curies":[{"name":"wp","href":"https:\/\/api.w.org\/{rel}","templated":true}]}}